{"id":46,"date":"2022-10-14T17:04:49","date_gmt":"2022-10-14T15:04:49","guid":{"rendered":"https:\/\/diversitool-lejeu.be\/?page_id=46"},"modified":"2023-03-14T16:45:10","modified_gmt":"2023-03-14T15:45:10","slug":"telecharger","status":"publish","type":"page","link":"https:\/\/diversitool-lejeu.be\/?page_id=46","title":{"rendered":"Le jeu"},"content":{"rendered":"\n<div class=\"wp-block-cover alignfull\" style=\"padding-top:var(--wp--preset--spacing--40);padding-right:var(--wp--preset--spacing--40);padding-bottom:var(--wp--preset--spacing--40);padding-left:var(--wp--preset--spacing--40)\"><span aria-hidden=\"true\" class=\"wp-block-cover__background has-background-dim-60 has-background-dim\"><\/span><img loading=\"lazy\" decoding=\"async\" width=\"8158\" height=\"3948\" class=\"wp-block-cover__image-background wp-image-470\" alt=\"\" src=\"https:\/\/diversitool-lejeu.be\/wp-content\/uploads\/2023\/03\/Banniere_Page_LeJeu.png\" style=\"object-position:50% 49%\" data-object-fit=\"cover\" data-object-position=\"50% 49%\" srcset=\"https:\/\/diversitool-lejeu.be\/wp-content\/uploads\/2023\/03\/Banniere_Page_LeJeu.png 8158w, https:\/\/diversitool-lejeu.be\/wp-content\/uploads\/2023\/03\/Banniere_Page_LeJeu-300x145.png 300w, https:\/\/diversitool-lejeu.be\/wp-content\/uploads\/2023\/03\/Banniere_Page_LeJeu-1024x496.png 1024w, https:\/\/diversitool-lejeu.be\/wp-content\/uploads\/2023\/03\/Banniere_Page_LeJeu-768x372.png 768w, https:\/\/diversitool-lejeu.be\/wp-content\/uploads\/2023\/03\/Banniere_Page_LeJeu-1536x743.png 1536w, https:\/\/diversitool-lejeu.be\/wp-content\/uploads\/2023\/03\/Banniere_Page_LeJeu-2048x991.png 2048w\" sizes=\"auto, (max-width: 8158px) 100vw, 8158px\" \/><div class=\"wp-block-cover__inner-container is-layout-flow wp-block-cover-is-layout-flow\">\n<p class=\"has-text-align-center has-large-font-size\">Le jeu<\/p>\n<\/div><\/div>\n\n\n\n<p><\/p>\n\n\n\n<p style=\"font-size:17px\">Les diff\u00e9rentes composantes du jeu <em>Diversi&#8217;Tool <\/em>sont consultables et t\u00e9l\u00e9chargeables par ici :<\/p>\n\n\n\t\t\t\t\t<div\n\t\t\t\t\t\tclass=\"wp-block-uagb-image-gallery uagb-block-c41e0f74     \"\n\t\t\t\t\t\tstyle=\"\"\n\t\t\t\t\t>\n\t\t\t\t\t\t\t\t\t\t\t<div class=\"spectra-image-gallery spectra-image-gallery__layout--tiled spectra-image-gallery__layout--tiled-col-4 spectra-image-gallery__layout--tiled-col-tab-4 spectra-image-gallery__layout--tiled-col-mob-4\">\n\t\t\t\t\t\t\t\t\t\t\t<div class='spectra-image-gallery__media-wrapper' data-spectra-gallery-image-id='473'>\n\t\t\t\t\t\t\t<div class=\"spectra-image-gallery__media spectra-image-gallery__media--tiled\">\n\t\t\t\t<picture>\n\t\t\t\t\t<source media=\"(min-width: 1024px)\" srcset=\"http:\/\/diversitool-lejeu.be\/wp-content\/uploads\/2023\/03\/DiversiTool_Livret-de-regles_Page-de-garde.png\">\n\t\t\t\t\t<source media=\"(min-width: 768px)\" srcset=\"http:\/\/diversitool-lejeu.be\/wp-content\/uploads\/2023\/03\/DiversiTool_Livret-de-regles_Page-de-garde.png\">\n\t\t\t\t\t<img decoding=\"async\" class=\"spectra-image-gallery__media-thumbnail spectra-image-gallery__media-thumbnail--tiled\" src=\"http:\/\/diversitool-lejeu.be\/wp-content\/uploads\/2023\/03\/DiversiTool_Livret-de-regles_Page-de-garde-212x300.png\" alt=\"\" loading=\"lazy\" \/>\n\t\t\t\t<\/picture>\n\t\t\t\t<div class=\"spectra-image-gallery__media-thumbnail-blurrer\"><\/div>\n\t\t\t\t\t\t\t\t\t\t\t<div class=\"spectra-image-gallery__media-thumbnail-caption-wrapper spectra-image-gallery__media-thumbnail-caption-wrapper--bar-inside\">\n\t\t\t\t\t\t\t\t\t\t\t<div class=\"spectra-image-gallery__media-thumbnail-caption spectra-image-gallery__media-thumbnail-caption--bar-inside\">\n\t\t\t\t\t<a href=\"http:\/\/diversitool-lejeu.be\/wp-content\/uploads\/2023\/03\/DiversiTool_Livret-de-regles.pdf\" data-type=\"attachment\" data-id=\"474\" target=\"_blank\" rel=\"noreferrer noopener\">Livret de r\u00e8gles<\/a>\t\t\t\t<\/div>\n\t\t\t\t\t\t\t\t\t\t<\/div>\n\t\t\t\t\t\t\t\t\t<\/div>\n\t\t\t\t\t\t<\/div>\n\t\t\t\t\t\t<div class='spectra-image-gallery__media-wrapper' data-spectra-gallery-image-id='474'>\n\t\t\t\t\t\t\t<div class=\"spectra-image-gallery__media spectra-image-gallery__media--tiled\">\n\t\t\t\t<picture>\n\t\t\t\t\t<source media=\"(min-width: 1024px)\" srcset=\"http:\/\/diversitool-lejeu.be\/wp-content\/uploads\/2023\/03\/DiversiTool_Livret_Pistes-daction_Page-de-garde.png\">\n\t\t\t\t\t<source media=\"(min-width: 768px)\" srcset=\"http:\/\/diversitool-lejeu.be\/wp-content\/uploads\/2023\/03\/DiversiTool_Livret_Pistes-daction_Page-de-garde.png\">\n\t\t\t\t\t<img decoding=\"async\" class=\"spectra-image-gallery__media-thumbnail spectra-image-gallery__media-thumbnail--tiled\" src=\"http:\/\/diversitool-lejeu.be\/wp-content\/uploads\/2023\/03\/DiversiTool_Livret_Pistes-daction_Page-de-garde-212x300.png\" alt=\"\" loading=\"lazy\" \/>\n\t\t\t\t<\/picture>\n\t\t\t\t<div class=\"spectra-image-gallery__media-thumbnail-blurrer\"><\/div>\n\t\t\t\t\t\t\t\t\t\t\t<div class=\"spectra-image-gallery__media-thumbnail-caption-wrapper spectra-image-gallery__media-thumbnail-caption-wrapper--bar-inside\">\n\t\t\t\t\t\t\t\t\t\t\t<div class=\"spectra-image-gallery__media-thumbnail-caption spectra-image-gallery__media-thumbnail-caption--bar-inside\">\n\t\t\t\t\t<a href=\"http:\/\/diversitool-lejeu.be\/wp-content\/uploads\/2023\/03\/DiversiTool_Livret_Pistes-daction.pdf\">Pistes <\/a><a href=\"http:\/\/diversitool-lejeu.be\/wp-content\/uploads\/2023\/03\/DiversiTool_Livret_Pistes-daction.pdf\" target=\"_blank\" rel=\"noreferrer noopener\">d&#8217;action<\/a>\t\t\t\t<\/div>\n\t\t\t\t\t\t\t\t\t\t<\/div>\n\t\t\t\t\t\t\t\t\t<\/div>\n\t\t\t\t\t\t<\/div>\n\t\t\t\t\t\t<div class='spectra-image-gallery__media-wrapper' data-spectra-gallery-image-id='475'>\n\t\t\t\t\t\t\t<div class=\"spectra-image-gallery__media spectra-image-gallery__media--tiled\">\n\t\t\t\t<picture>\n\t\t\t\t\t<source media=\"(min-width: 1024px)\" srcset=\"http:\/\/diversitool-lejeu.be\/wp-content\/uploads\/2023\/03\/DiversiTool_Plan-daction-tableau-A4-1024x724.png\">\n\t\t\t\t\t<source media=\"(min-width: 768px)\" srcset=\"http:\/\/diversitool-lejeu.be\/wp-content\/uploads\/2023\/03\/DiversiTool_Plan-daction-tableau-A4-1024x724.png\">\n\t\t\t\t\t<img decoding=\"async\" class=\"spectra-image-gallery__media-thumbnail spectra-image-gallery__media-thumbnail--tiled\" src=\"http:\/\/diversitool-lejeu.be\/wp-content\/uploads\/2023\/03\/DiversiTool_Plan-daction-tableau-A4-300x212.png\" alt=\"\" loading=\"lazy\" \/>\n\t\t\t\t<\/picture>\n\t\t\t\t<div class=\"spectra-image-gallery__media-thumbnail-blurrer\"><\/div>\n\t\t\t\t\t\t\t\t\t\t\t<div class=\"spectra-image-gallery__media-thumbnail-caption-wrapper spectra-image-gallery__media-thumbnail-caption-wrapper--bar-inside\">\n\t\t\t\t\t\t\t\t\t\t\t<div class=\"spectra-image-gallery__media-thumbnail-caption spectra-image-gallery__media-thumbnail-caption--bar-inside\">\n\t\t\t\t\t<a href=\"http:\/\/diversitool-lejeu.be\/wp-content\/uploads\/2023\/03\/DiversiTool_Plan-daction-tableau-A4.pdf\">Plan <\/a><a href=\"http:\/\/diversitool-lejeu.be\/wp-content\/uploads\/2023\/03\/DiversiTool_Plan-daction-tableau-A4.pdf\" target=\"_blank\" rel=\"noreferrer noopener\">d&#8217;action<\/a>\t\t\t\t<\/div>\n\t\t\t\t\t\t\t\t\t\t<\/div>\n\t\t\t\t\t\t\t\t\t<\/div>\n\t\t\t\t\t\t<\/div>\n\t\t\t\t\t\t<div class='spectra-image-gallery__media-wrapper' data-spectra-gallery-image-id='49'>\n\t\t\t\t\t\t\t<div class=\"spectra-image-gallery__media spectra-image-gallery__media--tiled\">\n\t\t\t\t<picture>\n\t\t\t\t\t<source media=\"(min-width: 1024px)\" srcset=\"http:\/\/diversitool-lejeu.be\/wp-content\/uploads\/2022\/10\/MyriamCoul-1004x1024.png\">\n\t\t\t\t\t<source media=\"(min-width: 768px)\" srcset=\"http:\/\/diversitool-lejeu.be\/wp-content\/uploads\/2022\/10\/MyriamCoul-1004x1024.png\">\n\t\t\t\t\t<img decoding=\"async\" class=\"spectra-image-gallery__media-thumbnail spectra-image-gallery__media-thumbnail--tiled\" src=\"http:\/\/diversitool-lejeu.be\/wp-content\/uploads\/2022\/10\/MyriamCoul-294x300.png\" alt=\"\" loading=\"lazy\" \/>\n\t\t\t\t<\/picture>\n\t\t\t\t<div class=\"spectra-image-gallery__media-thumbnail-blurrer\"><\/div>\n\t\t\t\t\t\t\t\t\t\t\t<div class=\"spectra-image-gallery__media-thumbnail-caption-wrapper spectra-image-gallery__media-thumbnail-caption-wrapper--bar-inside\">\n\t\t\t\t\t\t\t\t\t\t\t<div class=\"spectra-image-gallery__media-thumbnail-caption spectra-image-gallery__media-thumbnail-caption--bar-inside\">\n\t\t\t\t\t<a href=\"http:\/\/diversitool-lejeu.be\/wp-content\/uploads\/2023\/03\/DiversiTool_Cartes-familles-et-Nous-voulons-Nous-pouvons.pdf\" target=\"_blank\" rel=\"noreferrer noopener\">Les cartes des personnages<\/a>\t\t\t\t<\/div>\n\t\t\t\t\t\t\t\t\t\t<\/div>\n\t\t\t\t\t\t\t\t\t<\/div>\n\t\t\t\t\t\t<\/div>\n\t\t\t\t\t\t\t\t\t\t\t<div class=\"spectra-image-gallery__media-sizer\"><\/div>\n\t\t\t\t\t\t\t<\/div>\n\t\t\t\t\t\t\t\t\t\t\t<\/div>\n\t\t\t\t\t\t\t\t\t","protected":false},"excerpt":{"rendered":"<p>Les diff\u00e9rentes composantes du jeu Diversi&#8217;Tool sont consultables et t\u00e9l\u00e9chargeables par ici :<\/p>\n","protected":false},"author":2,"featured_media":0,"parent":0,"menu_order":1,"comment_status":"closed","ping_status":"closed","template":"","meta":{"_uag_custom_page_level_css":"","site-sidebar-layout":"no-sidebar","site-content-layout":"content-boxed-container","ast-global-header-display":"","ast-main-header-display":"","ast-hfb-above-header-display":"","ast-hfb-below-header-display":"","ast-hfb-mobile-header-display":"","site-post-title":"disabled","ast-breadcrumbs-content":"","ast-featured-img":"","footer-sml-layout":"","theme-transparent-header-meta":"","adv-header-id-meta":"","stick-header-meta":"","header-above-stick-meta":"","header-main-stick-meta":"","header-below-stick-meta":"","footnotes":""},"class_list":["post-46","page","type-page","status-publish","hentry"],"uagb_featured_image_src":{"full":false,"thumbnail":false,"medium":false,"medium_large":false,"large":false,"1536x1536":false,"2048x2048":false},"uagb_author_info":{"display_name":"Marie Crismer","author_link":"https:\/\/diversitool-lejeu.be\/?author=2"},"uagb_comment_info":0,"uagb_excerpt":"Les diff\u00e9rentes composantes du jeu Diversi&#8217;Tool sont consultables et t\u00e9l\u00e9chargeables par ici :","_links":{"self":[{"href":"https:\/\/diversitool-lejeu.be\/index.php?rest_route=\/wp\/v2\/pages\/46","targetHints":{"allow":["GET"]}}],"collection":[{"href":"https:\/\/diversitool-lejeu.be\/index.php?rest_route=\/wp\/v2\/pages"}],"about":[{"href":"https:\/\/diversitool-lejeu.be\/index.php?rest_route=\/wp\/v2\/types\/page"}],"author":[{"embeddable":true,"href":"https:\/\/diversitool-lejeu.be\/index.php?rest_route=\/wp\/v2\/users\/2"}],"replies":[{"embeddable":true,"href":"https:\/\/diversitool-lejeu.be\/index.php?rest_route=%2Fwp%2Fv2%2Fcomments&post=46"}],"version-history":[{"count":26,"href":"https:\/\/diversitool-lejeu.be\/index.php?rest_route=\/wp\/v2\/pages\/46\/revisions"}],"predecessor-version":[{"id":505,"href":"https:\/\/diversitool-lejeu.be\/index.php?rest_route=\/wp\/v2\/pages\/46\/revisions\/505"}],"wp:attachment":[{"href":"https:\/\/diversitool-lejeu.be\/index.php?rest_route=%2Fwp%2Fv2%2Fmedia&parent=46"}],"curies":[{"name":"wp","href":"https:\/\/api.w.org\/{rel}","templated":true}]}}